{"id":3379,"date":"2020-04-12T20:36:19","date_gmt":"2020-04-12T18:36:19","guid":{"rendered":"https:\/\/www.gourmetnoir.com\/?page_id=3379"},"modified":"2021-01-31T01:42:02","modified_gmt":"2021-01-31T00:42:02","slug":"privacy-policy","status":"publish","type":"page","link":"https:\/\/www.gourmetnoir.com\/es\/privacy-policy\/","title":{"rendered":"Pol\u00edtica de privacidad"},"content":{"rendered":"<div data-elementor-type=\"wp-post\" data-elementor-id=\"3379\" class=\"elementor elementor-3379\" data-elementor-settings=\"{&quot;ha_cmc_init_switcher&quot;:&quot;no&quot;}\">\n\t\t\t\t\t\t<section class=\"elementor-section elementor-top-section elementor-element elementor-element-1f59ed30 elementor-section-boxed elementor-section-height-default elementor-section-height-default\" data-id=\"1f59ed30\" data-element_type=\"section\" data-settings=\"{&quot;background_background&quot;:&quot;classic&quot;,&quot;_ha_eqh_enable&quot;:false}\">\n\t\t\t\t\t\t<div class=\"elementor-container elementor-column-gap-default\">\n\t\t\t\t\t<div class=\"elementor-column elementor-col-100 elementor-top-column elementor-element elementor-element-c7c47e9\" data-id=\"c7c47e9\" data-element_type=\"column\">\n\t\t\t<div class=\"elementor-widget-wrap elementor-element-populated\">\n\t\t\t\t\t\t<div class=\"elementor-element elementor-element-60357edc elementor-widget elementor-widget-text-editor\" data-id=\"60357edc\" data-element_type=\"widget\" data-widget_type=\"text-editor.default\">\n\t\t\t\t<div class=\"elementor-widget-container\">\n\t\t\t\t\t\t\t\t\t<p><a title=\"www.gourmetnoir.com\" href=\"https:\/\/www.gourmetnoir.com\/es\/\" target=\"_blank\" rel=\"noopener\"><strong>www.gourmetnoir.com<\/strong><\/a> es consciente de la importancia de garantizar el derecho a la intimidad y protecci\u00f3n de datos de los Usuarios y, en este sentido, en cumplimiento del REGLAMENTO (UE) 2016\/679 de Protecci\u00f3n de Datos, y por lo tanto en relaci\u00f3n al tratamiento de sus datos personales, le informamos a continuaci\u00f3n sobre los siguientes puntos relacionados con el tratamiento de datos de car\u00e1cter personal a trav\u00e9s del presente sitio web:<\/p><p><strong>Responsable del tratamiento:<\/strong><\/p><p>\u2022 Identidad: Gourmet Noir<br \/>\u2022 NIF \/ CIF: ES24364354V<br \/>\u2022 Direcci\u00f3n Postal: Gran Via Marques del Turia, 60, 46005, Valencia, provincia de Valencia en Espa\u00f1a.<br \/>\u2022 Tel\u00e9fono: + 34 633403669<br \/>\u2022 Correo electr\u00f3nico: <b><a href=\"mailto:info@gourmetnoir.com\" target=\"_blank\" rel=\"noopener\">info@gourmetnoir.com<\/a><\/b><\/p><p><strong>Finalidad<\/strong><\/p><p>En funci\u00f3n del formulario que en cada caso complete el Usuario, los datos podr\u00e1n ser\ntratados con las siguientes finalidades:<\/p><p>\u2022\u00a0<strong>Usuarios registrados:<\/strong>\u00a0La informaci\u00f3n que nos proporcione en el formulario de registro se utiliza para la gesti\u00f3n de Usuarios de la p\u00e1gina web, con el fin de que pueda acceder a su perfil, consultar sus pedidos y realizar sus compras sin\nque tenga que introducir de nuevo sus datos identificativos (nombre, apellidos, email y tel\u00e9fono) y domicilio de entrega. Puede modificar la configuraci\u00f3n de su perfil siempre que quiera.<\/p><p><b><a href=\"https:\/\/www.gourmetnoir.com\/es\/\" target=\"_blank\" rel=\"noopener\">www.gourmetnoir.com<\/a><\/b>\u00a0no admitir\u00e1 intentos de registros falsos o que suplanten la identidad de personas o empresas.<br \/>El suministro de informaci\u00f3n falsa en el\nformulario de registro implicar\u00e1 la baja autom\u00e1tica del Usuario.<br \/><b><a href=\"https:\/\/www.gourmetnoir.com\/es\/\" target=\"_blank\" rel=\"noopener\">www.gourmetnoir.com<\/a><\/b>\u00a0se reserva el derecho de verificar la informaci\u00f3n facilitada por el Usuario\nmediante comprobaci\u00f3n telef\u00f3nica.<\/p><p>\u2022\u00a0<strong>Newsletter:<\/strong>\u00a0En los casos en los que nos otorgue su consentimiento seg\u00fan lo\nprevisto en el art\u00edculo 21 de la Ley de Servicios de la Sociedad de la\nInformaci\u00f3n, utilizaremos sus datos identificativos y de contacto para enviarle\ninformaci\u00f3n sobre novedades de la p\u00e1gina web, noticias de inter\u00e9s, as\u00ed como\npromociones y ofertas de nuestros productos y servicios. Los canales que\nutilizamos habitualmente son: correo electr\u00f3nico, correo postal, tel\u00e9fono, SMS,\nmensaje Push, pero solo si usted nos presta su consentimiento.<\/p><p>\u2022\u00a0<strong>Contacto:<\/strong>\u00a0Los datos personales que nos proporcione a trav\u00e9s del formulario de\ncontacto se tratar\u00e1n \u00fanicamente para atender su consulta o petici\u00f3n. La\ninformaci\u00f3n recabada se limita a datos identificativos y de contacto, as\u00ed como\ndatos relacionados con la naturaleza de la petici\u00f3n que nos dirija.<\/p><p>\u2022\u00a0<strong>Solicitud de muestras:<\/strong> Los datos personales que nos proporcione a trav\u00e9s del\nformulario se tratar\u00e1n \u00fanicamente para atender su petici\u00f3n para el env\u00edo de\nmuestras de los productos seleccionados.<\/p><p>\u2022\u00a0<strong>Formulario de reclamaciones:<\/strong>\u00a0Los datos personales que nos proporcione a\ntrav\u00e9s del formulario se tratar\u00e1n \u00fanicamente para atender su reclamaci\u00f3n.<\/p><p>\u2022\u00a0<strong>Formulario de devoluciones:<\/strong>\u00a0Los datos personales que nos proporcione a\ntrav\u00e9s del formulario se tratar\u00e1n para la evaluaci\u00f3n y gesti\u00f3n de la devoluci\u00f3n o\ncambio solicitado y la recogida del producto si fuera necesario.<\/p><p><strong>\u00a0Otras finalidades:<\/strong>\u00a0La informaci\u00f3n facilitada se puede utilizar ocasionalmente para:<br \/>\u2022 Encuestas para mejorar nuestros servicios.<br \/>\u2022 Gestionar las solicitudes de informaci\u00f3n, sugerencias y reclamaciones de clientes para su gesti\u00f3n y resoluci\u00f3n.<\/p><p><strong>Legitimaci\u00f3n<\/strong><\/p><p>La base que legitima el tratamiento de datos es el propio consentimiento y aceptaci\u00f3n del Usuario en cada uno de los apartados en los que se recopila informaci\u00f3n de car\u00e1cter personal. El Usuario tiene derecho a retirar el consentimiento en cualquier momento, sin que ello afecte a la licitud del tratamiento basado en el consentimiento previo a su retirada.<\/p><p>En relaci\u00f3n con el tratamiento de datos con fines comerciales a trav\u00e9s de medios telem\u00e1ticos, en los casos en los que exista una relaci\u00f3n contractual previa entre las partes, las comunicaciones versen sobre productos o servicios relacionados con los previamente solicitados por el interesado, y se le haya dado la posibilidad al Usuario de que se oponga al tratamiento de sus datos mediante la marcaci\u00f3n de casilla no premarcada, la base que legitima el tratamiento se fundamenta en lo previsto en el art\u00edculo 21.2 de la Ley 34\/2002, de 11 de julio, de servicios de la Sociedad de la Informaci\u00f3n.<\/p><p>En cada comunicaci\u00f3n comercial que se remita al interesado, se le dar\u00e1 la posibilidad de que manifieste su oposici\u00f3n a la recepci\u00f3n de nuevas comunicaciones.<\/p><p><strong>Destinatarios<\/strong><\/p><p>Informamos al Usuario que el tratamiento de la informaci\u00f3n recabada a trav\u00e9s del presente sitio web no implica transferencia internacional de datos.<\/p><p>En relaci\u00f3n con los destinatarios de la informaci\u00f3n, le informamos que en el caso de que realice una compra online que deba ser entregada en la direcci\u00f3n que nos indique o una devoluci\u00f3n que debe ser recogida en la direcci\u00f3n que se nos indique, en el paquete enviado se detallar\u00e1 su nombre y apellidos, direcci\u00f3n de entrega y n\u00famero de tel\u00e9fono. Este \u00faltimo dato se incluir\u00e1 para permitir el contacto entre la empresa de transporte y el destinatario con el fin de facilitar el proceso de entrega.<\/p><p><strong>Derechos<\/strong><\/p><p>Acceso, rectificaci\u00f3n, portabilidad. Para hacer efectivo estos derechos el Usuario puede enviar un email a <b><a href=\"mailto:info@gourmetnoir.com\" target=\"_blank\" rel=\"noopener\">info@gourmetnoir.com<\/a><\/b> o remitir carta a la siguiente direcci\u00f3n:<br \/>Gran Via Marques del Turia, 60, 46005, Valencia, provincia de Valencia en Espa\u00f1a indicando los cambios que quiere ejercer.<\/p><p>En los casos en los que considere que durante el tratamiento de datos por parte de Gourmet Noir se han vulnerado los derechos en materia de protecci\u00f3n de datos del interesado, especialmente cuando no haya obtenido satisfacci\u00f3n en el ejercicio de sus derechos. El Usuario puede presentar una reclamaci\u00f3n ante la Autoridad de Control en materia de Protecci\u00f3n de Datos competente.<\/p><h2><strong>Pol\u00edtica de Cookies<\/strong><\/h2><p>Esta web utiliza cookies propias y de terceros para ofrecerle una mejor experiencia y servicio. Al navegar o utilizar nuestros servicios acepta el uso que hacemos de las cookies. Sin embargo, tiene la opci\u00f3n de impedir la generaci\u00f3n de cookies y la eliminaci\u00f3n de las mismas mediante la selecci\u00f3n de la correspondiente opci\u00f3n en su Navegador. En caso de bloquear el uso de cookies en su navegador es posible que algunos servicios o funcionalidades de la p\u00e1gina Web no est\u00e9n disponibles.<\/p><h3><strong>\u00bfQu\u00e9 es una cookie?<\/strong><\/h3><p>Las cookies constituyen una herramienta empleada por los servidores Web para almacenar y recuperar informaci\u00f3n acerca de sus visitantes. Es un identificador \u00fanico en forma de fichero de texto que se remite al dispositivo del usuario para registrar informaci\u00f3n, permitiendo as\u00ed mejorar la calidad y seguridad de la p\u00e1gina web. Poseen una fecha de caducidad a partir de la cual dejan de ser operativas.<\/p><h3><strong>Utilidad de las cookies en mi p\u00e1gina web<\/strong><\/h3><p>Utilizamos cookies para facilitar la navegaci\u00f3n por la web y para obtener una mayor eficacia y personalizaci\u00f3n de los servicios que le ofrecemos. Las cookies empleadas se asocian \u00fanicamente con un usuario an\u00f3nimo y su dispositivo, no proporcionan referencias que permitan obtener sus datos personales ni incluir virus en el mismo. Tampoco se pueden leer las cookies implantadas en su dispositivo desde otros servidores.<\/p><p>La informaci\u00f3n que analizamos haciendo uso de las cookies son la direcci\u00f3n de protocolo de internet (IP) empleada para conectar tu ordenador a internet, tipo y versi\u00f3n de navegador, sistema operativo y plataforma utilizada para la conexi\u00f3n y la fecha y la hora de dicha actividad.<\/p><h3><strong>Cookies empleadas<\/strong><\/h3><p>Utilizamos cookies permanentes que se almacenan en el dispositivo del usuario y que permiten recuperar la informaci\u00f3n de la navegaci\u00f3n en la siguiente visita. Tienen fecha de caducidad. Estas cookies nos permiten personalizar sus visitas, a trav\u00e9s de sus preferencias (por ejemplo, pa\u00eds e idioma).<\/p><p>Tambi\u00e9n utilizamos cookies de terceros que permiten gestionar y mejorar los servicios ofrecidos. Como por ejemplo, los servicios estad\u00edsticos de Google Analytics.<\/p><p>A continuaci\u00f3n recogemos de forma esquematizada las cookies anteriormente descritas y utilizadas en la p\u00e1gina web:<\/p><ul><li>ASP.NET_SessionId, MABSesion: Estas cookies son identificadores de sesi\u00f3n proporcionados por el servidor de Microsoft ASP y propio del sistema. Se utilizan para identificar a un usuario que haya iniciado sesi\u00f3n en nuestra p\u00e1gina Web.<\/li><li>cookie_products: Identifica para la sesi\u00f3n actual los productos que ha consultado el usuario para poder ofrecer una mejor experiencia de navegaci\u00f3n.<\/li><li>chkCookie: Identifica para esta sesi\u00f3n la aceptaci\u00f3n del uso de cookies que hacemos en la web y de esta forma no mostrar nuevamente el aviso.<\/li><li>testCookie: Permite conocer de forma an\u00f3nima si el navegador utilizado en esta sesion permite el uso de cookies. Es necesaria para el correcto funcionamiento de la web que el navegador permita el uso de cookies, de lo contrario algunas de las funciones pueden no estar disponibles.<\/li><li>_utma, _utmb, _utmc, _utmz: Estas cookies de Google Analytics generan un ID de usuario an\u00f3nimo, que es el que se utiliza para hacer recuento de cuantas veces visita el sitio un usuario. Tambi\u00e9n registra cuando fue la primera y la \u00faltima vez que visit\u00f3 la web. Asimismo, calcula cuando se ha terminado una sesi\u00f3n, origen del usuario, y keywords.<\/li><\/ul>\t\t\t\t\t\t\t\t<\/div>\n\t\t\t\t<\/div>\n\t\t\t\t\t<\/div>\n\t\t<\/div>\n\t\t\t\t\t<\/div>\n\t\t<\/section>\n\t\t\t\t<\/div>","protected":false},"excerpt":{"rendered":"<p>www.gourmetnoir.com is aware of the importance of guaranteeing the right to privacy and data protection of Users. In compliance with the Data Protection REGULATION (EU) 2016\/679 and thereby the processing of your personal data, we inform you below about the following points in relation to the processing of personal data through this website: Responsible for [&hellip;]<\/p>","protected":false},"author":1,"featured_media":0,"parent":0,"menu_order":0,"comment_status":"closed","ping_status":"closed","template":"","meta":{"site-sidebar-layout":"default","site-content-layout":"default","ast-site-content-layout":"","site-content-style":"default","site-sidebar-style":"default","ast-global-header-display":"","ast-banner-title-visibility":"","ast-main-header-display":"","ast-hfb-above-header-display":"","ast-hfb-below-header-display":"","ast-hfb-mobile-header-display":"","site-post-title":"","ast-breadcrumbs-content":"","ast-featured-img":"","footer-sml-layout":"","theme-transparent-header-meta":"disabled","adv-header-id-meta":"","stick-header-meta":"","header-above-stick-meta":"","header-main-stick-meta":"","header-below-stick-meta":"","astra-migrate-meta-layouts":"default","ast-page-background-enabled":"default","ast-page-background-meta":{"desktop":{"background-color":"","background-image":"","background-repeat":"repeat","background-position":"center center","background-size":"auto","background-attachment":"scroll","background-type":"","background-media":"","overlay-type":"","overlay-color":"","overlay-opacity":"","overlay-gradient":""},"tablet":{"background-color":"","background-image":"","background-repeat":"repeat","background-position":"center center","background-size":"auto","background-attachment":"scroll","background-type":"","background-media":"","overlay-type":"","overlay-color":"","overlay-opacity":"","overlay-gradient":""},"mobile":{"background-color":"","background-image":"","background-repeat":"repeat","background-position":"center center","background-size":"auto","background-attachment":"scroll","background-type":"","background-media":"","overlay-type":"","overlay-color":"","overlay-opacity":"","overlay-gradient":""}},"ast-content-background-meta":{"desktop":{"background-color":"var(--ast-global-color-5)","background-image":"","background-repeat":"repeat","background-position":"center center","background-size":"auto","background-attachment":"scroll","background-type":"","background-media":"","overlay-type":"","overlay-color":"","overlay-opacity":"","overlay-gradient":""},"tablet":{"background-color":"var(--ast-global-color-5)","background-image":"","background-repeat":"repeat","background-position":"center center","background-size":"auto","background-attachment":"scroll","background-type":"","background-media":"","overlay-type":"","overlay-color":"","overlay-opacity":"","overlay-gradient":""},"mobile":{"background-color":"var(--ast-global-color-5)","background-image":"","background-repeat":"repeat","background-position":"center center","background-size":"auto","background-attachment":"scroll","background-type":"","background-media":"","overlay-type":"","overlay-color":"","overlay-opacity":"","overlay-gradient":""}},"footnotes":""},"class_list":["post-3379","page","type-page","status-publish","hentry"],"_links":{"self":[{"href":"https:\/\/www.gourmetnoir.com\/es\/wp-json\/wp\/v2\/pages\/3379","targetHints":{"allow":["GET"]}}],"collection":[{"href":"https:\/\/www.gourmetnoir.com\/es\/wp-json\/wp\/v2\/pages"}],"about":[{"href":"https:\/\/www.gourmetnoir.com\/es\/wp-json\/wp\/v2\/types\/page"}],"author":[{"embeddable":true,"href":"https:\/\/www.gourmetnoir.com\/es\/wp-json\/wp\/v2\/users\/1"}],"replies":[{"embeddable":true,"href":"https:\/\/www.gourmetnoir.com\/es\/wp-json\/wp\/v2\/comments?post=3379"}],"version-history":[{"count":3,"href":"https:\/\/www.gourmetnoir.com\/es\/wp-json\/wp\/v2\/pages\/3379\/revisions"}],"predecessor-version":[{"id":51278,"href":"https:\/\/www.gourmetnoir.com\/es\/wp-json\/wp\/v2\/pages\/3379\/revisions\/51278"}],"wp:attachment":[{"href":"https:\/\/www.gourmetnoir.com\/es\/wp-json\/wp\/v2\/media?parent=3379"}],"curies":[{"name":"wp","href":"https:\/\/api.w.org\/{rel}","templated":true}]}}