{"id":3381,"date":"2020-04-12T20:44:56","date_gmt":"2020-04-12T18:44:56","guid":{"rendered":"https:\/\/www.gourmetnoir.com\/?page_id=3381"},"modified":"2021-01-31T01:40:16","modified_gmt":"2021-01-31T00:40:16","slug":"legal-notice","status":"publish","type":"page","link":"https:\/\/www.gourmetnoir.com\/es\/legal-notice\/","title":{"rendered":"Aviso legal"},"content":{"rendered":"<div data-elementor-type=\"wp-post\" data-elementor-id=\"3381\" class=\"elementor elementor-3381\" data-elementor-settings=\"{&quot;ha_cmc_init_switcher&quot;:&quot;no&quot;}\">\n\t\t\t\t\t\t<section class=\"elementor-section elementor-top-section elementor-element elementor-element-1f59ed30 elementor-section-boxed elementor-section-height-default elementor-section-height-default\" data-id=\"1f59ed30\" data-element_type=\"section\" data-settings=\"{&quot;background_background&quot;:&quot;classic&quot;,&quot;_ha_eqh_enable&quot;:false}\">\n\t\t\t\t\t\t<div class=\"elementor-container elementor-column-gap-default\">\n\t\t\t\t\t<div class=\"elementor-column elementor-col-100 elementor-top-column elementor-element elementor-element-c7c47e9\" data-id=\"c7c47e9\" data-element_type=\"column\">\n\t\t\t<div class=\"elementor-widget-wrap elementor-element-populated\">\n\t\t\t\t\t\t<div class=\"elementor-element elementor-element-60357edc elementor-widget elementor-widget-text-editor\" data-id=\"60357edc\" data-element_type=\"widget\" data-widget_type=\"text-editor.default\">\n\t\t\t\t<div class=\"elementor-widget-container\">\n\t\t\t\t\t\t\t\t\t<p>La presente p\u00e1gina web pertenece a Gourmet Noir con NIF\/CIF ES24364354V y domicilio en Gran Via Marques del Turia, 60, 46005, Valencia, Espa\u00f1a, con correo electr\u00f3nico: <a href=\"mailto:info@gourmetnoir.com\" target=\"_blank\" rel=\"noopener\">info@gourmetnoir.com<\/a>, y tiene por objeto facilitar al p\u00fablico en general las actividades que realiza, los servicios que presta y las caracter\u00edsticas de sus productos.<\/p>\n<p>Gourmet Noir se reserva el derecho de efectuar, en cualquier momento y sin previo aviso, modificaciones de la informaci\u00f3n contenida en su p\u00e1gina web o en la configuraci\u00f3n y presentaci\u00f3n de esta.<\/p>\n<p>Gourmet Noir no se hace responsable de las consecuencias, da\u00f1os o perjuicios debidos al acceso a esta p\u00e1gina web, uso de la informaci\u00f3n de la misma o acceso a otros contenidos en internet a trav\u00e9s de sus conexiones.<\/p>\n<p>Los derechos de propiedad intelectual sobre todos los elementos incluidos en esta p\u00e1gina web, tales como, y a t\u00edtulo no limitativo, fotograf\u00edas, dise\u00f1os, melod\u00edas, aplicaciones y otros, pertenecen en exclusiva a Gourmet Noir . El acceso a esta p\u00e1gina web no implica autorizaci\u00f3n para su utilizaci\u00f3n, pudi\u00e9ndose derivar de dicho uso no autorizado las correspondientes responsabilidades civiles y\/o penales.<\/p>\n<p>Las eventuales referencias que se hagan en esta p\u00e1gina web a cualquier producto, servicio, proceso, enlace, hipertexto o cualquier informaci\u00f3n utilizando la marca, el nombre comercial o el fabricante o suministrador, etc. que sean titularidad de terceros no constituye o implica respaldo, patrocinio o recomendaci\u00f3n por parte de Gourmet Noir.<\/p>\n<p>Con car\u00e1cter general, las relaciones con nuestros clientes, que se deriven de la prestaci\u00f3n de los servicios contenidos en nuestra web, est\u00e1n sometidas a la legislaci\u00f3n y la jurisdicci\u00f3n espa\u00f1ola.<\/p>\t\t\t\t\t\t\t\t<\/div>\n\t\t\t\t<\/div>\n\t\t\t\t\t<\/div>\n\t\t<\/div>\n\t\t\t\t\t<\/div>\n\t\t<\/section>\n\t\t\t\t<\/div>","protected":false},"excerpt":{"rendered":"<p>This website belongs to Gourmet Noir with NIF \/ CIF ES24364354V and address G. V. Marques del Turia, 60, 46005, Valencia, Spain, with email: info@gourmetnoir.com,&nbsp;and aims to inform the general public of the activities it carries out, the services it provides and the characteristics of its products. Gourmet Noir reserves the right to make changes, [&hellip;]<\/p>","protected":false},"author":1,"featured_media":0,"parent":0,"menu_order":0,"comment_status":"closed","ping_status":"closed","template":"","meta":{"site-sidebar-layout":"default","site-content-layout":"default","ast-site-content-layout":"","site-content-style":"default","site-sidebar-style":"default","ast-global-header-display":"","ast-banner-title-visibility":"","ast-main-header-display":"","ast-hfb-above-header-display":"","ast-hfb-below-header-display":"","ast-hfb-mobile-header-display":"","site-post-title":"","ast-breadcrumbs-content":"","ast-featured-img":"","footer-sml-layout":"","theme-transparent-header-meta":"disabled","adv-header-id-meta":"","stick-header-meta":"","header-above-stick-meta":"","header-main-stick-meta":"","header-below-stick-meta":"","astra-migrate-meta-layouts":"default","ast-page-background-enabled":"default","ast-page-background-meta":{"desktop":{"background-color":"","background-image":"","background-repeat":"repeat","background-position":"center center","background-size":"auto","background-attachment":"scroll","background-type":"","background-media":"","overlay-type":"","overlay-color":"","overlay-opacity":"","overlay-gradient":""},"tablet":{"background-color":"","background-image":"","background-repeat":"repeat","background-position":"center center","background-size":"auto","background-attachment":"scroll","background-type":"","background-media":"","overlay-type":"","overlay-color":"","overlay-opacity":"","overlay-gradient":""},"mobile":{"background-color":"","background-image":"","background-repeat":"repeat","background-position":"center center","background-size":"auto","background-attachment":"scroll","background-type":"","background-media":"","overlay-type":"","overlay-color":"","overlay-opacity":"","overlay-gradient":""}},"ast-content-background-meta":{"desktop":{"background-color":"var(--ast-global-color-5)","background-image":"","background-repeat":"repeat","background-position":"center center","background-size":"auto","background-attachment":"scroll","background-type":"","background-media":"","overlay-type":"","overlay-color":"","overlay-opacity":"","overlay-gradient":""},"tablet":{"background-color":"var(--ast-global-color-5)","background-image":"","background-repeat":"repeat","background-position":"center center","background-size":"auto","background-attachment":"scroll","background-type":"","background-media":"","overlay-type":"","overlay-color":"","overlay-opacity":"","overlay-gradient":""},"mobile":{"background-color":"var(--ast-global-color-5)","background-image":"","background-repeat":"repeat","background-position":"center center","background-size":"auto","background-attachment":"scroll","background-type":"","background-media":"","overlay-type":"","overlay-color":"","overlay-opacity":"","overlay-gradient":""}},"footnotes":""},"class_list":["post-3381","page","type-page","status-publish","hentry"],"_links":{"self":[{"href":"https:\/\/www.gourmetnoir.com\/es\/wp-json\/wp\/v2\/pages\/3381","targetHints":{"allow":["GET"]}}],"collection":[{"href":"https:\/\/www.gourmetnoir.com\/es\/wp-json\/wp\/v2\/pages"}],"about":[{"href":"https:\/\/www.gourmetnoir.com\/es\/wp-json\/wp\/v2\/types\/page"}],"author":[{"embeddable":true,"href":"https:\/\/www.gourmetnoir.com\/es\/wp-json\/wp\/v2\/users\/1"}],"replies":[{"embeddable":true,"href":"https:\/\/www.gourmetnoir.com\/es\/wp-json\/wp\/v2\/comments?post=3381"}],"version-history":[{"count":3,"href":"https:\/\/www.gourmetnoir.com\/es\/wp-json\/wp\/v2\/pages\/3381\/revisions"}],"predecessor-version":[{"id":51275,"href":"https:\/\/www.gourmetnoir.com\/es\/wp-json\/wp\/v2\/pages\/3381\/revisions\/51275"}],"wp:attachment":[{"href":"https:\/\/www.gourmetnoir.com\/es\/wp-json\/wp\/v2\/media?parent=3381"}],"curies":[{"name":"wp","href":"https:\/\/api.w.org\/{rel}","templated":true}]}}