{"id":3386,"date":"2020-04-12T22:22:22","date_gmt":"2020-04-12T20:22:22","guid":{"rendered":"https:\/\/www.gourmetnoir.com\/?page_id=3386"},"modified":"2021-01-31T01:37:38","modified_gmt":"2021-01-31T00:37:38","slug":"terms-conditions","status":"publish","type":"page","link":"https:\/\/www.gourmetnoir.com\/es\/terms-conditions\/","title":{"rendered":"Terminos y condiciones"},"content":{"rendered":"<div data-elementor-type=\"wp-post\" data-elementor-id=\"3386\" class=\"elementor elementor-3386\" data-elementor-settings=\"{&quot;ha_cmc_init_switcher&quot;:&quot;no&quot;}\">\n\t\t\t\t\t\t<section class=\"elementor-section elementor-top-section elementor-element elementor-element-1f59ed30 elementor-section-boxed elementor-section-height-default elementor-section-height-default\" data-id=\"1f59ed30\" data-element_type=\"section\" data-settings=\"{&quot;background_background&quot;:&quot;classic&quot;,&quot;_ha_eqh_enable&quot;:false}\">\n\t\t\t\t\t\t<div class=\"elementor-container elementor-column-gap-default\">\n\t\t\t\t\t<div class=\"elementor-column elementor-col-100 elementor-top-column elementor-element elementor-element-c7c47e9\" data-id=\"c7c47e9\" data-element_type=\"column\">\n\t\t\t<div class=\"elementor-widget-wrap elementor-element-populated\">\n\t\t\t\t\t\t<div class=\"elementor-element elementor-element-60357edc elementor-widget elementor-widget-text-editor\" data-id=\"60357edc\" data-element_type=\"widget\" data-widget_type=\"text-editor.default\">\n\t\t\t\t<div class=\"elementor-widget-container\">\n\t\t\t\t\t\t\t\t\t<h3><strong>Listas de precios<\/strong><\/h3><p>Los precios expuestos en <a href=\"https:\/\/www.gourmetnoir.com\/es\/\" target=\"_blank\" rel=\"noopener\">www.gourmetnoir.com<\/a> podr\u00e1n ser revisados y modificados si las condiciones lo requieren en cualquier momento.<\/p><h3><strong>Formas de pago<\/strong><\/h3><p>Todas las compras se pueden pagar con:<\/p><ul><li><strong>Ingreso\/Transferencia<\/strong>.<\/li><\/ul><p>Es la forma m\u00e1s econ\u00f3mica. Nuestros datos para realizar el ingreso o transferencia le ser\u00e1n proporcionados a la hora de la confirmaci\u00f3n del pedido.<\/p><ul><li><strong>Paypal<\/strong>.<\/li><\/ul><p>Si dispones de cuenta en Paypal podr\u00e1s enviar el dinero c\u00f3modamente y sin gastos a nuestra cuenta. Registrarse es gratis, s\u00f3lo tienes que asociar tu tarjeta \u00f3 cuenta bancaria a una direcci\u00f3n de correos y empezar a disfrutar de pagos en l\u00ednea en P\u00e1ginas Web y subastas.<\/p><ul><li><strong>Tarjeta de Cr\u00e9dito<\/strong>.<\/li><\/ul><p>Utilizando el servidor seguro de nuestra pasarela de pago.<\/p><p>Una vez hayas hecho el pedido en nuestra tienda, el programa te dirigir\u00e1 a la P\u00e1gina Web de la conocida y segura firma de la pasarela de pago donde indicar\u00e1s los datos de tu tarjeta.<\/p><p><strong>Importante:<\/strong>\u00a0Al final del proceso, la p\u00e1gina de nuestra pasarela de pagos te devolver\u00e1 a nuestra tienda donde terminar\u00e1s el proceso del pedido.<\/p><p>Nuestra pasarela de pago utiliza tecnolog\u00eda SSL para proteger su informaci\u00f3n. Adem\u00e1s, cuando env\u00eda un pago a trav\u00e9s de esta pasarela, el destinatario no recibe datos financieros sensibles como el n\u00famero de su tarjeta de cr\u00e9dito o de su cuenta bancaria. De este modo, usted no tiene que preocuparse por pagar a personas que no conoce.<\/p><p>El fraude con Tarjeta de Cr\u00e9dito es un delito y <a href=\"https:\/\/www.gourmetnoir.com\/es\/\" target=\"_blank\" rel=\"noopener\">www.gourmetnoir.com<\/a> emprender\u00e1 acciones judiciales contra todo aquel que realice una transacci\u00f3n fraudulenta en nuestra tienda.<\/p><p>Podr\u00e1 consultar en todo momento el importe total de su pedido en el \u00faltimo paso de confirmaci\u00f3n de pedido en su cesta de la compra.<\/p><p>La direcci\u00f3n de e-mail obtenida del formulario de suscripci\u00f3n se utilizar\u00e1 para enviarle informaci\u00f3n sobre novedades, productos y ofertas especiales relacionadas con <a href=\"https:\/\/www.gourmetnoir.com\/es\/\" target=\"_blank\" rel=\"noopener\">www.gourmetnoir.com<\/a><\/p><p>Los datos de facturaci\u00f3n se utilizar\u00e1n \u00fanicamente para el env\u00edo del producto\/s comprado\/s. Esta informaci\u00f3n no ser\u00e1 utilizada con prop\u00f3sitos comerciales ni ser\u00e1 cedida a terceros.<\/p><h3><strong>Garant\u00eda<\/strong><\/h3><p>Los clientes de Gourmet Noir se benefician de la garant\u00eda dada en los art\u00edculos.<\/p><p>Los defectos o desperfectos debidos a una incorrecta utilizaci\u00f3n o manipulaci\u00f3n del material o los desgastes producidos por un uso normal del mismo, no se incluyen en esta garant\u00eda.<\/p><p>Las mermas en la funcionalidad de los art\u00edculos, debidas a las limitaciones de concepci\u00f3n de los mismos, tambi\u00e9n est\u00e1n excluidas de la cobertura de esta garant\u00eda.<\/p><p>Consulte el consejo especializado de nuestro Servicio de Atenci\u00f3n al Cliente.<\/p><h3><strong>Protecci\u00f3n de datos de car\u00e1cter general<\/strong><\/h3><p>Puede consultar nuestra pol\u00edtica de privacidad en la secci\u00f3n \"<a title=\"Pol\u00edtica de privacidad\" href=\"https:\/\/www.gourmetnoir.com\/es\/privacy-policy\/\">Pol\u00edtica de privacidad<\/a>\" destinada a tal fin.<\/p><h3><strong>Legislaci\u00f3n y jurisdicci\u00f3n (Solo Espa\u00f1a)<\/strong><\/h3><p>Las presentes condiciones generales se interpretar\u00e1n conforme a la legislaci\u00f3n vigente en Espa\u00f1a en la materia, que se aplicar\u00e1 subsidiariamente en todo lo que no se haya previsto en las mismas. (B\u00e1sicamente Ley 34\/2002 de 11 de julio de servicios de la informaci\u00f3n y comercio electr\u00f3nico).<\/p><h3><strong>Modificaciones<\/strong><\/h3><p>Gourmet Noir se reserva el derecho a modificar en cualquier momento los SERVICIOS prestados a trav\u00e9s del sitio web <a href=\"https:\/\/www.gourmetnoir.com\/es\/\" target=\"_blank\" rel=\"noopener\">www.gourmetnoir.com<\/a>, introduciendo o eliminando determinados servicios o contenidos que contribuyan a ofrecer un mejor servicio.<\/p>\t\t\t\t\t\t\t\t<\/div>\n\t\t\t\t<\/div>\n\t\t\t\t\t<\/div>\n\t\t<\/div>\n\t\t\t\t\t<\/div>\n\t\t<\/section>\n\t\t\t\t<\/div>","protected":false},"excerpt":{"rendered":"<p>Price lists Prices displayed at www.gourmetnoir.com may be reviewed and modified at any time,\u00a0at our sole discretion. Payment Methods All purchases can be paid by: Bank Deposit \/ Transfer. It is the cheapest way.\u00a0Relevant data for bank deposit\/transfer\u00a0will be provided when the order is confirmed. Paypal. If you have an account in Paypal you can [&hellip;]<\/p>","protected":false},"author":1,"featured_media":0,"parent":0,"menu_order":0,"comment_status":"closed","ping_status":"closed","template":"","meta":{"site-sidebar-layout":"default","site-content-layout":"default","ast-site-content-layout":"","site-content-style":"default","site-sidebar-style":"default","ast-global-header-display":"","ast-banner-title-visibility":"","ast-main-header-display":"","ast-hfb-above-header-display":"","ast-hfb-below-header-display":"","ast-hfb-mobile-header-display":"","site-post-title":"","ast-breadcrumbs-content":"","ast-featured-img":"","footer-sml-layout":"","theme-transparent-header-meta":"disabled","adv-header-id-meta":"","stick-header-meta":"","header-above-stick-meta":"","header-main-stick-meta":"","header-below-stick-meta":"","astra-migrate-meta-layouts":"default","ast-page-background-enabled":"default","ast-page-background-meta":{"desktop":{"background-color":"","background-image":"","background-repeat":"repeat","background-position":"center center","background-size":"auto","background-attachment":"scroll","background-type":"","background-media":"","overlay-type":"","overlay-color":"","overlay-opacity":"","overlay-gradient":""},"tablet":{"background-color":"","background-image":"","background-repeat":"repeat","background-position":"center center","background-size":"auto","background-attachment":"scroll","background-type":"","background-media":"","overlay-type":"","overlay-color":"","overlay-opacity":"","overlay-gradient":""},"mobile":{"background-color":"","background-image":"","background-repeat":"repeat","background-position":"center center","background-size":"auto","background-attachment":"scroll","background-type":"","background-media":"","overlay-type":"","overlay-color":"","overlay-opacity":"","overlay-gradient":""}},"ast-content-background-meta":{"desktop":{"background-color":"var(--ast-global-color-5)","background-image":"","background-repeat":"repeat","background-position":"center center","background-size":"auto","background-attachment":"scroll","background-type":"","background-media":"","overlay-type":"","overlay-color":"","overlay-opacity":"","overlay-gradient":""},"tablet":{"background-color":"var(--ast-global-color-5)","background-image":"","background-repeat":"repeat","background-position":"center center","background-size":"auto","background-attachment":"scroll","background-type":"","background-media":"","overlay-type":"","overlay-color":"","overlay-opacity":"","overlay-gradient":""},"mobile":{"background-color":"var(--ast-global-color-5)","background-image":"","background-repeat":"repeat","background-position":"center center","background-size":"auto","background-attachment":"scroll","background-type":"","background-media":"","overlay-type":"","overlay-color":"","overlay-opacity":"","overlay-gradient":""}},"footnotes":""},"class_list":["post-3386","page","type-page","status-publish","hentry"],"_links":{"self":[{"href":"https:\/\/www.gourmetnoir.com\/es\/wp-json\/wp\/v2\/pages\/3386","targetHints":{"allow":["GET"]}}],"collection":[{"href":"https:\/\/www.gourmetnoir.com\/es\/wp-json\/wp\/v2\/pages"}],"about":[{"href":"https:\/\/www.gourmetnoir.com\/es\/wp-json\/wp\/v2\/types\/page"}],"author":[{"embeddable":true,"href":"https:\/\/www.gourmetnoir.com\/es\/wp-json\/wp\/v2\/users\/1"}],"replies":[{"embeddable":true,"href":"https:\/\/www.gourmetnoir.com\/es\/wp-json\/wp\/v2\/comments?post=3386"}],"version-history":[{"count":3,"href":"https:\/\/www.gourmetnoir.com\/es\/wp-json\/wp\/v2\/pages\/3386\/revisions"}],"predecessor-version":[{"id":51269,"href":"https:\/\/www.gourmetnoir.com\/es\/wp-json\/wp\/v2\/pages\/3386\/revisions\/51269"}],"wp:attachment":[{"href":"https:\/\/www.gourmetnoir.com\/es\/wp-json\/wp\/v2\/media?parent=3386"}],"curies":[{"name":"wp","href":"https:\/\/api.w.org\/{rel}","templated":true}]}}