{"id":3932,"date":"2020-05-17T19:41:29","date_gmt":"2020-05-17T17:41:29","guid":{"rendered":"https:\/\/www.gourmetnoir.com\/product\/import-placeholder-for-aove-uhnico\/"},"modified":"2025-02-08T06:20:10","modified_gmt":"2025-02-08T05:20:10","slug":"organic-evoo-uhnico","status":"publish","type":"product","link":"https:\/\/www.gourmetnoir.com\/es\/organic-evoo-uhnico\/","title":{"rendered":"AOVE ECO UHNICO (Caja 24\/12 uds.)"},"content":{"rendered":"<p>&nbsp;<\/p>\n<p>UHNICO - Aceite de oliva virgen extra ecol\u00f3gico de Ja\u00e9n, Espa\u00f1a.<\/p>\n<div style=\"width: 600px;\" class=\"wp-video\"><!--[if lt IE 9]><script>document.createElement('video');<\/script><![endif]-->\n<video class=\"wp-video-shortcode\" id=\"video-3932-1\" width=\"600\" height=\"500\" preload=\"metadata\" controls=\"controls\"><source type=\"video\/mp4\" src=\"https:\/\/www.gourmetnoir.com\/wp-content\/uploads\/2020\/05\/uhnico-organic-extra-virgin-olive-oil-Jaen-Spain.mp4?_=1\" \/><a href=\"https:\/\/www.gourmetnoir.com\/wp-content\/uploads\/2020\/05\/uhnico-organic-extra-virgin-olive-oil-Jaen-Spain.mp4\">https:\/\/www.gourmetnoir.com\/wp-content\/uploads\/2020\/05\/uhnico-organic-extra-virgin-olive-oil-Jaen-Spain.mp4<\/a><\/video><\/div>\n<p>&nbsp;<\/p>\n<p>\"UHNICO es exclusivo, singular, excepcional, extraordinario, ya que realmente se destaca y marca la diferencia\".<\/p>\n<p>Ganador de premios internacionales: medalla de plata OliveJapan 2019 y medalla de oro en Terraolivo (Israel) 2019, incluido el premio al mejor dise\u00f1o.<\/p>\n<p>El AOVE ECO UHNICO es un deseo. Es el resultado de una idea de ingenier\u00eda y ciencia elevadas a su m\u00e1ximo exponente.\nLa producci\u00f3n del aceite de oliva siempre ha sido un arte en Andaluc\u00eda, hoy ese arte se ha llevado a su extremo gracias al desarrollo t\u00e9cnico dise\u00f1ado para extraer el zumo de las mejores aceitunas de Espa\u00f1a en un proceso de ingenier\u00eda sin precedentes.\nCon UHNICO no hay espacio para el azar o para la casualidad, sabemos lo que buscamos y lo hemos conseguido.<\/p>\n<p>Para comenzar nuestro aceite es UHNICO porque extrae el zumo de la pasta de la aceituna deshuesada logrando as\u00ed obtener su sabor m\u00e1s puro e intenso.\nEl hueso no es exprimido ni molido en el proceso de extracci\u00f3n, por ello podemos decir sin miedo que somos el zumo 100% de aceituna. Ese peque\u00f1o detalle eleva el producto resultante hasta el infinito, al no producirse mezcla entre el zumo de la aceituna y el aceite de la semilla.\nUna maravilla que hemos copiado, s\u00ed, lo hemos copiado de las t\u00e9cnicas que los romanos utilizaban en Hispania para crear sus aceites hace m\u00e1s de dos mil a\u00f1os, sab\u00edan ya lo que era bueno aquellos hispanos.<\/p>\n<p>Desde ah\u00ed nos planteamos el siguiente reto: aislar el aire lo necesario para minimizar la oxidaci\u00f3n en el proceso de extracci\u00f3n del aceite hasta su embotellado, y de los posibles agentes contaminantes de la almazara. Y tambi\u00e9n lo conseguimos...\nHemos creado un proceso aislado de cualquier agente ajeno al aceite con el fin de alcanzar su m\u00e1s puro estado.<\/p>\n<p>Ten\u00edamos unos suelos perfectos para nuestros cultivos, unos pies de olivo centenarios de valor incalculable en su estado maduro para darnos una aceituna fuera de lo com\u00fan, un entorno geogr\u00e1fico maravilloso, una variedad mundialmente reconocida, un equipo de ingenier\u00eda que hemos tardado d\u00e9cadas en reunir.<\/p>\n<p>Ahora podemos presentar al mundo nuestro aceite UHNICO. Apreciamos tanto nuestro producto que nos hemos vuelto incluso un poco obsesivos con respecto a \u00e9l, nos cuesta desprendernos de \u00e9l.<br \/>\nHemos creado una marca que apoya y protege nuestro producto y lo estamos lanzando al mundo.<\/p>\n<p>&nbsp;<\/p>","protected":false},"excerpt":{"rendered":"<p>Origen: Espa\u00f1a<br \/>\nCaducidad: 24 meses<br \/>\nPeso aprox.: 4 a 8,16 Kg.<br \/>\nUdes. por caja: 24\/12<br \/>\nVenta m\u00ednima: Por caja<\/p>","protected":false},"featured_media":3896,"comment_status":"open","ping_status":"closed","template":"","meta":{"site-sidebar-layout":"default","site-content-layout":"default","ast-site-content-layout":"","site-content-style":"default","site-sidebar-style":"default","ast-global-header-display":"","ast-banner-title-visibility":"","ast-main-header-display":"","ast-hfb-above-header-display":"","ast-hfb-below-header-display":"","ast-hfb-mobile-header-display":"","site-post-title":"","ast-breadcrumbs-content":"","ast-featured-img":"","footer-sml-layout":"","theme-transparent-header-meta":"disabled","adv-header-id-meta":"","stick-header-meta":"","header-above-stick-meta":"","header-main-stick-meta":"","header-below-stick-meta":"","astra-migrate-meta-layouts":"default","ast-page-background-enabled":"default","ast-page-background-meta":{"desktop":{"background-color":"","background-image":"","background-repeat":"repeat","background-position":"center center","background-size":"auto","background-attachment":"scroll","background-type":"","background-media":"","overlay-type":"","overlay-color":"","overlay-opacity":"","overlay-gradient":""},"tablet":{"background-color":"","background-image":"","background-repeat":"repeat","background-position":"center center","background-size":"auto","background-attachment":"scroll","background-type":"","background-media":"","overlay-type":"","overlay-color":"","overlay-opacity":"","overlay-gradient":""},"mobile":{"background-color":"","background-image":"","background-repeat":"repeat","background-position":"center center","background-size":"auto","background-attachment":"scroll","background-type":"","background-media":"","overlay-type":"","overlay-color":"","overlay-opacity":"","overlay-gradient":""}},"ast-content-background-meta":{"desktop":{"background-color":"var(--ast-global-color-5)","background-image":"","background-repeat":"repeat","background-position":"center center","background-size":"auto","background-attachment":"scroll","background-type":"","background-media":"","overlay-type":"","overlay-color":"","overlay-opacity":"","overlay-gradient":""},"tablet":{"background-color":"var(--ast-global-color-5)","background-image":"","background-repeat":"repeat","background-position":"center center","background-size":"auto","background-attachment":"scroll","background-type":"","background-media":"","overlay-type":"","overlay-color":"","overlay-opacity":"","overlay-gradient":""},"mobile":{"background-color":"var(--ast-global-color-5)","background-image":"","background-repeat":"repeat","background-position":"center center","background-size":"auto","background-attachment":"scroll","background-type":"","background-media":"","overlay-type":"","overlay-color":"","overlay-opacity":"","overlay-gradient":""}}},"product_brand":[],"product_cat":[77,75],"product_tag":[],"class_list":{"0":"post-3932","1":"product","2":"type-product","3":"status-publish","4":"has-post-thumbnail","6":"product_cat-organic-evoo-vinegar","7":"product_cat-evoo-vinegar","8":"product_shipping_class-entrega-en-48-72-horas","9":"desktop-align-left","10":"tablet-align-left","11":"mobile-align-left","13":"first","14":"instock","15":"taxable","16":"shipping-taxable","17":"purchasable","18":"product-type-variable"},"_links":{"self":[{"href":"https:\/\/www.gourmetnoir.com\/es\/wp-json\/wp\/v2\/product\/3932","targetHints":{"allow":["GET"]}}],"collection":[{"href":"https:\/\/www.gourmetnoir.com\/es\/wp-json\/wp\/v2\/product"}],"about":[{"href":"https:\/\/www.gourmetnoir.com\/es\/wp-json\/wp\/v2\/types\/product"}],"replies":[{"embeddable":true,"href":"https:\/\/www.gourmetnoir.com\/es\/wp-json\/wp\/v2\/comments?post=3932"}],"wp:featuredmedia":[{"embeddable":true,"href":"https:\/\/www.gourmetnoir.com\/es\/wp-json\/wp\/v2\/media\/3896"}],"wp:attachment":[{"href":"https:\/\/www.gourmetnoir.com\/es\/wp-json\/wp\/v2\/media?parent=3932"}],"wp:term":[{"taxonomy":"product_brand","embeddable":true,"href":"https:\/\/www.gourmetnoir.com\/es\/wp-json\/wp\/v2\/product_brand?post=3932"},{"taxonomy":"product_cat","embeddable":true,"href":"https:\/\/www.gourmetnoir.com\/es\/wp-json\/wp\/v2\/product_cat?post=3932"},{"taxonomy":"product_tag","embeddable":true,"href":"https:\/\/www.gourmetnoir.com\/es\/wp-json\/wp\/v2\/product_tag?post=3932"}],"curies":[{"name":"wp","href":"https:\/\/api.w.org\/{rel}","templated":true}]}}