{"id":4169,"date":"2020-05-17T22:24:53","date_gmt":"2020-05-17T20:24:53","guid":{"rendered":"https:\/\/www.gourmetnoir.com\/product\/lomo-de-esturion-ecologico-congelado-kg\/"},"modified":"2022-06-22T01:09:44","modified_gmt":"2022-06-21T23:09:44","slug":"organic-frozen-sturgeon-loin","status":"publish","type":"product","link":"https:\/\/www.gourmetnoir.com\/es\/organic-frozen-sturgeon-loin\/","title":{"rendered":"LOMO DE ESTURI\u00d3N ECOL\u00d3GICO CONGELADO Kg"},"content":{"rendered":"<p>&nbsp;<\/p>\n<p>Ingredientes: Lomo de Esturi\u00f3n<br \/>\nAl\u00e9rgenos: Contiene producto de la Pesca<br \/>\nPresentaci\u00f3n: Envasado al vac\u00edo.<br \/>\nCaducidad: 6 meses, Temp.: Fr\u00edo -18\u00baC<\/p>\n<p>Consultar para otros tama\u00f1os de corte o al peso.<\/p>\n<p>Lomos procedentes de esturi\u00f3n, servidos sin espinas, listos para cortar y cocinar, preparados por nuestros expertos artesanos.<\/p>\n<p>Se trata de una carne blanca y jugosa, con alto contenido graso, cardiosaludable por su alto contenido en omega 3 y 6, veteado a lo largo de toda la pieza, su cuerpo y textura aceptan todo tipo de cocciones, brasa o plancha.<\/p>\n<p>Es un lomo ahumado artesanal sin conservantes ni colorantes, listo para consumir, presentado en lomos o trozos con piel, al corte, se trata de una carne rosada de textura suave y jugosa, con un fino ahumado natural, que respeta el sabor del pescado.<\/p>\n<p>Conozca como la uni\u00f3n de tiempo, esfuerzo, tradici\u00f3n, t\u00e9cnica e investigaci\u00f3n pueden dar magn\u00edficos frutos. El Acipenser naccarii o esturi\u00f3n del Adri\u00e1tico, es una especie casi extinta que hemos logrado recuperar en cautividad. Con 250 millones de a\u00f1os de antig\u00fcedad, es un f\u00f3sil viviente, de crecimiento lento.<\/p>\n<p>La b\u00fasqueda de la calidad contrastada nos lleva a obtener en 2001, por primera vez en el mundo, la certificaci\u00f3n de acuicultura ecol\u00f3gica de esturiones y caviar.<\/p>\n<p>Todas nuestras instalaciones est\u00e1n en producci\u00f3n ecol\u00f3gica certificada. Hoy nuestra certificaci\u00f3n est\u00e1 bajo la muy estricta norma Europea de producci\u00f3n ecol\u00f3gica.<br \/>\nHemos logrado as\u00ed la m\u00e1xima garant\u00eda para el consumidor, para el bienestar de los esturiones y para el medio ambiente. Una filosof\u00eda que est\u00e1 firmemente arraigada en nuestra forma de trabajo, ya que desde 1964 trabajamos para obtener la calidad real.<\/p>\n<p>&nbsp;<\/p>","protected":false},"excerpt":{"rendered":"<p>Origen: Espa\u00f1a<br \/>\nCaducidad: 6 meses<br \/>\nConservaci\u00f3n: Fr\u00edo -18\u00baC<br \/>\nPeso aprox.: 1000 gr<br \/>\nConsultar para otros tama\u00f1os de corte o al peso<br \/>\nUnidades: 1<br \/>\nVenta m\u00ednima: Por unidades<\/p>","protected":false},"featured_media":4370,"comment_status":"open","ping_status":"closed","template":"","meta":{"site-sidebar-layout":"default","site-content-layout":"default","ast-site-content-layout":"","site-content-style":"default","site-sidebar-style":"default","ast-global-header-display":"","ast-banner-title-visibility":"","ast-main-header-display":"","ast-hfb-above-header-display":"","ast-hfb-below-header-display":"","ast-hfb-mobile-header-display":"","site-post-title":"","ast-breadcrumbs-content":"","ast-featured-img":"","footer-sml-layout":"","theme-transparent-header-meta":"disabled","adv-header-id-meta":"","stick-header-meta":"","header-above-stick-meta":"","header-main-stick-meta":"","header-below-stick-meta":"","astra-migrate-meta-layouts":"default","ast-page-background-enabled":"default","ast-page-background-meta":{"desktop":{"background-color":"","background-image":"","background-repeat":"repeat","background-position":"center center","background-size":"auto","background-attachment":"scroll","background-type":"","background-media":"","overlay-type":"","overlay-color":"","overlay-opacity":"","overlay-gradient":""},"tablet":{"background-color":"","background-image":"","background-repeat":"repeat","background-position":"center center","background-size":"auto","background-attachment":"scroll","background-type":"","background-media":"","overlay-type":"","overlay-color":"","overlay-opacity":"","overlay-gradient":""},"mobile":{"background-color":"","background-image":"","background-repeat":"repeat","background-position":"center center","background-size":"auto","background-attachment":"scroll","background-type":"","background-media":"","overlay-type":"","overlay-color":"","overlay-opacity":"","overlay-gradient":""}},"ast-content-background-meta":{"desktop":{"background-color":"var(--ast-global-color-5)","background-image":"","background-repeat":"repeat","background-position":"center center","background-size":"auto","background-attachment":"scroll","background-type":"","background-media":"","overlay-type":"","overlay-color":"","overlay-opacity":"","overlay-gradient":""},"tablet":{"background-color":"var(--ast-global-color-5)","background-image":"","background-repeat":"repeat","background-position":"center center","background-size":"auto","background-attachment":"scroll","background-type":"","background-media":"","overlay-type":"","overlay-color":"","overlay-opacity":"","overlay-gradient":""},"mobile":{"background-color":"var(--ast-global-color-5)","background-image":"","background-repeat":"repeat","background-position":"center center","background-size":"auto","background-attachment":"scroll","background-type":"","background-media":"","overlay-type":"","overlay-color":"","overlay-opacity":"","overlay-gradient":""}}},"product_brand":[],"product_cat":[89,88],"product_tag":[],"class_list":{"0":"post-4169","1":"product","2":"type-product","3":"status-publish","4":"has-post-thumbnail","6":"product_cat-organic-sturgeon","7":"product_cat-sturgeon","8":"product_shipping_class-refrigerated","9":"desktop-align-left","10":"tablet-align-left","11":"mobile-align-left","13":"first","14":"instock","15":"taxable","16":"shipping-taxable","17":"purchasable","18":"product-type-simple"},"_links":{"self":[{"href":"https:\/\/www.gourmetnoir.com\/es\/wp-json\/wp\/v2\/product\/4169","targetHints":{"allow":["GET"]}}],"collection":[{"href":"https:\/\/www.gourmetnoir.com\/es\/wp-json\/wp\/v2\/product"}],"about":[{"href":"https:\/\/www.gourmetnoir.com\/es\/wp-json\/wp\/v2\/types\/product"}],"replies":[{"embeddable":true,"href":"https:\/\/www.gourmetnoir.com\/es\/wp-json\/wp\/v2\/comments?post=4169"}],"wp:featuredmedia":[{"embeddable":true,"href":"https:\/\/www.gourmetnoir.com\/es\/wp-json\/wp\/v2\/media\/4370"}],"wp:attachment":[{"href":"https:\/\/www.gourmetnoir.com\/es\/wp-json\/wp\/v2\/media?parent=4169"}],"wp:term":[{"taxonomy":"product_brand","embeddable":true,"href":"https:\/\/www.gourmetnoir.com\/es\/wp-json\/wp\/v2\/product_brand?post=4169"},{"taxonomy":"product_cat","embeddable":true,"href":"https:\/\/www.gourmetnoir.com\/es\/wp-json\/wp\/v2\/product_cat?post=4169"},{"taxonomy":"product_tag","embeddable":true,"href":"https:\/\/www.gourmetnoir.com\/es\/wp-json\/wp\/v2\/product_tag?post=4169"}],"curies":[{"name":"wp","href":"https:\/\/api.w.org\/{rel}","templated":true}]}}