{"id":4172,"date":"2020-05-17T22:24:54","date_gmt":"2020-05-17T20:24:54","guid":{"rendered":"https:\/\/www.gourmetnoir.com\/product\/esturion-confitado-en-aceite-de-oliva-virgen-extra-230gr-caja-12-udes\/"},"modified":"2022-04-28T04:44:52","modified_gmt":"2022-04-28T02:44:52","slug":"confitted-sturgeon-in-evoo","status":"publish","type":"product","link":"https:\/\/www.gourmetnoir.com\/es\/confitted-sturgeon-in-evoo\/","title":{"rendered":"ESTURI\u00d3N CONFITADO EN ACEITE DE OLIVA VIRGEN EXTRA 230gr (Caja 12 udes.)"},"content":{"rendered":"<p>&nbsp;<\/p>\n<p>Ingredientes: Esturi\u00f3n, aceite de oliva virgen extra, sal, pimienta y humo<br \/>\nAl\u00e9rgenos: Contiene pescado<br \/>\nPresentaci\u00f3n: Envase de vidrio<br \/>\nCaducidad: 2 a\u00f1os, Temp. Ambiente<\/p>\n<p>Esturi\u00f3n fresco conservado en aceite de oliva, textura y sabor suaves en esta conserva tradicional, ideal para complementar ensaladas y platos con verduras.<br \/>\nProducto de larga caducidad y f\u00e1cil conservaci\u00f3n.<\/p>\n<p>Se trata de una carne jugosa, con alto contenido graso, cardiosaludable por su alto contenido en omega 3 y 6.<\/p>\n<p>Conozca como la uni\u00f3n de tiempo, esfuerzo, tradici\u00f3n, t\u00e9cnica e investigaci\u00f3n pueden dar magn\u00edficos frutos. El Acipenser naccarii o esturi\u00f3n del Adri\u00e1tico, es una especie casi extinta que hemos logrado recuperar en cautividad. Con 250 millones de a\u00f1os de antig\u00fcedad, es un f\u00f3sil viviente, de crecimiento lento.<\/p>\n<p>La b\u00fasqueda de la calidad contrastada nos lleva a obtener en 2001, por primera vez en el mundo, la certificaci\u00f3n de acuicultura ecol\u00f3gica de esturiones y caviar.<\/p>\n<p>Todas nuestras instalaciones est\u00e1n en producci\u00f3n ecol\u00f3gica certificada. Hoy nuestra certificaci\u00f3n est\u00e1 bajo la muy estricta norma Europea de producci\u00f3n ecol\u00f3gica.<br \/>\nHemos logrado as\u00ed la m\u00e1xima garant\u00eda para el consumidor, para el bienestar de los esturiones y para el medio ambiente. Una filosof\u00eda que est\u00e1 firmemente arraigada en nuestra forma de trabajo, ya que desde 1964 trabajamos para obtener la calidad real.<\/p>\n<p>&nbsp;<\/p>","protected":false},"excerpt":{"rendered":"<p>Origen: Espa\u00f1a<br \/>\nCaducidad: 2 a\u00f1os<br \/>\nConservaci\u00f3n: Temp. Ambiente<br \/>\nPeso neto: 230 gr, Peso escurrido: 140 gr<br \/>\nUnidades: 12<br \/>\nVenta m\u00ednima: Por caja<\/p>","protected":false},"featured_media":4171,"comment_status":"open","ping_status":"closed","template":"","meta":{"site-sidebar-layout":"default","site-content-layout":"default","ast-site-content-layout":"","site-content-style":"default","site-sidebar-style":"default","ast-global-header-display":"","ast-banner-title-visibility":"","ast-main-header-display":"","ast-hfb-above-header-display":"","ast-hfb-below-header-display":"","ast-hfb-mobile-header-display":"","site-post-title":"","ast-breadcrumbs-content":"","ast-featured-img":"","footer-sml-layout":"","theme-transparent-header-meta":"disabled","adv-header-id-meta":"","stick-header-meta":"","header-above-stick-meta":"","header-main-stick-meta":"","header-below-stick-meta":"","astra-migrate-meta-layouts":"default","ast-page-background-enabled":"default","ast-page-background-meta":{"desktop":{"background-color":"","background-image":"","background-repeat":"repeat","background-position":"center center","background-size":"auto","background-attachment":"scroll","background-type":"","background-media":"","overlay-type":"","overlay-color":"","overlay-opacity":"","overlay-gradient":""},"tablet":{"background-color":"","background-image":"","background-repeat":"repeat","background-position":"center center","background-size":"auto","background-attachment":"scroll","background-type":"","background-media":"","overlay-type":"","overlay-color":"","overlay-opacity":"","overlay-gradient":""},"mobile":{"background-color":"","background-image":"","background-repeat":"repeat","background-position":"center center","background-size":"auto","background-attachment":"scroll","background-type":"","background-media":"","overlay-type":"","overlay-color":"","overlay-opacity":"","overlay-gradient":""}},"ast-content-background-meta":{"desktop":{"background-color":"var(--ast-global-color-5)","background-image":"","background-repeat":"repeat","background-position":"center center","background-size":"auto","background-attachment":"scroll","background-type":"","background-media":"","overlay-type":"","overlay-color":"","overlay-opacity":"","overlay-gradient":""},"tablet":{"background-color":"var(--ast-global-color-5)","background-image":"","background-repeat":"repeat","background-position":"center center","background-size":"auto","background-attachment":"scroll","background-type":"","background-media":"","overlay-type":"","overlay-color":"","overlay-opacity":"","overlay-gradient":""},"mobile":{"background-color":"var(--ast-global-color-5)","background-image":"","background-repeat":"repeat","background-position":"center center","background-size":"auto","background-attachment":"scroll","background-type":"","background-media":"","overlay-type":"","overlay-color":"","overlay-opacity":"","overlay-gradient":""}}},"product_brand":[],"product_cat":[88,89],"product_tag":[],"class_list":{"0":"post-4172","1":"product","2":"type-product","3":"status-publish","4":"has-post-thumbnail","6":"product_cat-sturgeon","7":"product_cat-organic-sturgeon","8":"product_shipping_class-refrigerated","9":"desktop-align-left","10":"tablet-align-left","11":"mobile-align-left","13":"first","14":"instock","15":"taxable","16":"shipping-taxable","17":"purchasable","18":"product-type-simple"},"_links":{"self":[{"href":"https:\/\/www.gourmetnoir.com\/es\/wp-json\/wp\/v2\/product\/4172","targetHints":{"allow":["GET"]}}],"collection":[{"href":"https:\/\/www.gourmetnoir.com\/es\/wp-json\/wp\/v2\/product"}],"about":[{"href":"https:\/\/www.gourmetnoir.com\/es\/wp-json\/wp\/v2\/types\/product"}],"replies":[{"embeddable":true,"href":"https:\/\/www.gourmetnoir.com\/es\/wp-json\/wp\/v2\/comments?post=4172"}],"wp:featuredmedia":[{"embeddable":true,"href":"https:\/\/www.gourmetnoir.com\/es\/wp-json\/wp\/v2\/media\/4171"}],"wp:attachment":[{"href":"https:\/\/www.gourmetnoir.com\/es\/wp-json\/wp\/v2\/media?parent=4172"}],"wp:term":[{"taxonomy":"product_brand","embeddable":true,"href":"https:\/\/www.gourmetnoir.com\/es\/wp-json\/wp\/v2\/product_brand?post=4172"},{"taxonomy":"product_cat","embeddable":true,"href":"https:\/\/www.gourmetnoir.com\/es\/wp-json\/wp\/v2\/product_cat?post=4172"},{"taxonomy":"product_tag","embeddable":true,"href":"https:\/\/www.gourmetnoir.com\/es\/wp-json\/wp\/v2\/product_tag?post=4172"}],"curies":[{"name":"wp","href":"https:\/\/api.w.org\/{rel}","templated":true}]}}