{"id":4190,"date":"2020-05-17T22:30:57","date_gmt":"2020-05-17T20:30:57","guid":{"rendered":"https:\/\/www.gourmetnoir.com\/product\/brisura-de-trufa-negra-congelada-1-kg\/"},"modified":"2022-04-28T04:40:04","modified_gmt":"2022-04-28T02:40:04","slug":"frozen-black-truffle-breeze","status":"publish","type":"product","link":"https:\/\/www.gourmetnoir.com\/es\/frozen-black-truffle-breeze\/","title":{"rendered":"BRISURA DE TRUFA NEGRA CONGELADA Kg"},"content":{"rendered":"<p>&nbsp;<\/p>\n<p>Variedad: Tuber Melanosporum<br \/>\nIngredientes: Brisura de trufa negra Tuber Melanosporum<br \/>\nPresentaci\u00f3n: Envasado al vac\u00edo.<\/p>\n<p>La brisura de trufa negra mantiene las propiedades de la trufa fresca ya que se congela con el m\u00e9todo de ultracongelaci\u00f3n. Mantiene el aroma y el sabor de la trufa fresca, con diferente textura. Envasada al vac\u00edo, para facilitar su uso.<\/p>\n<p>COMPOSICI\u00d3N<br \/>\nPor cada 100 gr. de brisura de trufa:<br \/>\nKilocalor\u00edas: 25<br \/>\nProte\u00ednas: 1,8<br \/>\nHidratos de carbono: 4<br \/>\nFibra: 2,5<br \/>\nColesterol: 0<\/p>\n<p>REGISTRO SANITARIO 21.20572\/TE\/CEE<\/p>\n<p>Brisura de trufa lavada y seleccionada seg\u00fan criterios propios. Congelada con sistema r\u00e1pido, en decimas de segundo lo que hace que no pierda propiedades ni cualidades.<\/p>\n<p><span style=\"line-height: 1.42857;\">CONSERVACI\u00d3N:<br \/>\nEl producto debe conservarse congelado. Caducidad: Un a\u00f1o.<\/span><\/p>\n<p><span style=\"line-height: 1.42857;\">USO<br \/>\nSe utiliza sin llegar a descongelar, para trabajar mejor el producto, al igual que la fresca no hay que quemar la brisura de trufa, siempre se debe utilizar a \u00faltima hora, para acabar el plato.<\/span><\/p>\n<p>&nbsp;<\/p>","protected":false},"excerpt":{"rendered":"<p>Origen: Espa\u00f1a<br \/>\nPeso aprox.: 1000 gr<br \/>\nUnidades: 1<br \/>\nVenta m\u00ednima: Por unidades<\/p>","protected":false},"featured_media":4189,"comment_status":"open","ping_status":"closed","template":"","meta":{"site-sidebar-layout":"default","site-content-layout":"default","ast-site-content-layout":"","site-content-style":"default","site-sidebar-style":"default","ast-global-header-display":"","ast-banner-title-visibility":"","ast-main-header-display":"","ast-hfb-above-header-display":"","ast-hfb-below-header-display":"","ast-hfb-mobile-header-display":"","site-post-title":"","ast-breadcrumbs-content":"","ast-featured-img":"","footer-sml-layout":"","theme-transparent-header-meta":"disabled","adv-header-id-meta":"","stick-header-meta":"","header-above-stick-meta":"","header-main-stick-meta":"","header-below-stick-meta":"","astra-migrate-meta-layouts":"default","ast-page-background-enabled":"default","ast-page-background-meta":{"desktop":{"background-color":"","background-image":"","background-repeat":"repeat","background-position":"center center","background-size":"auto","background-attachment":"scroll","background-type":"","background-media":"","overlay-type":"","overlay-color":"","overlay-opacity":"","overlay-gradient":""},"tablet":{"background-color":"","background-image":"","background-repeat":"repeat","background-position":"center center","background-size":"auto","background-attachment":"scroll","background-type":"","background-media":"","overlay-type":"","overlay-color":"","overlay-opacity":"","overlay-gradient":""},"mobile":{"background-color":"","background-image":"","background-repeat":"repeat","background-position":"center center","background-size":"auto","background-attachment":"scroll","background-type":"","background-media":"","overlay-type":"","overlay-color":"","overlay-opacity":"","overlay-gradient":""}},"ast-content-background-meta":{"desktop":{"background-color":"var(--ast-global-color-5)","background-image":"","background-repeat":"repeat","background-position":"center center","background-size":"auto","background-attachment":"scroll","background-type":"","background-media":"","overlay-type":"","overlay-color":"","overlay-opacity":"","overlay-gradient":""},"tablet":{"background-color":"var(--ast-global-color-5)","background-image":"","background-repeat":"repeat","background-position":"center center","background-size":"auto","background-attachment":"scroll","background-type":"","background-media":"","overlay-type":"","overlay-color":"","overlay-opacity":"","overlay-gradient":""},"mobile":{"background-color":"var(--ast-global-color-5)","background-image":"","background-repeat":"repeat","background-position":"center center","background-size":"auto","background-attachment":"scroll","background-type":"","background-media":"","overlay-type":"","overlay-color":"","overlay-opacity":"","overlay-gradient":""}}},"product_brand":[],"product_cat":[90],"product_tag":[],"class_list":{"0":"post-4190","1":"product","2":"type-product","3":"status-publish","4":"has-post-thumbnail","6":"product_cat-tuber-melanosporum","7":"product_shipping_class-entrega-en-24-48-horas","8":"desktop-align-left","9":"tablet-align-left","10":"mobile-align-left","12":"first","13":"instock","14":"taxable","15":"shipping-taxable","16":"purchasable","17":"product-type-simple"},"_links":{"self":[{"href":"https:\/\/www.gourmetnoir.com\/es\/wp-json\/wp\/v2\/product\/4190","targetHints":{"allow":["GET"]}}],"collection":[{"href":"https:\/\/www.gourmetnoir.com\/es\/wp-json\/wp\/v2\/product"}],"about":[{"href":"https:\/\/www.gourmetnoir.com\/es\/wp-json\/wp\/v2\/types\/product"}],"replies":[{"embeddable":true,"href":"https:\/\/www.gourmetnoir.com\/es\/wp-json\/wp\/v2\/comments?post=4190"}],"wp:featuredmedia":[{"embeddable":true,"href":"https:\/\/www.gourmetnoir.com\/es\/wp-json\/wp\/v2\/media\/4189"}],"wp:attachment":[{"href":"https:\/\/www.gourmetnoir.com\/es\/wp-json\/wp\/v2\/media?parent=4190"}],"wp:term":[{"taxonomy":"product_brand","embeddable":true,"href":"https:\/\/www.gourmetnoir.com\/es\/wp-json\/wp\/v2\/product_brand?post=4190"},{"taxonomy":"product_cat","embeddable":true,"href":"https:\/\/www.gourmetnoir.com\/es\/wp-json\/wp\/v2\/product_cat?post=4190"},{"taxonomy":"product_tag","embeddable":true,"href":"https:\/\/www.gourmetnoir.com\/es\/wp-json\/wp\/v2\/product_tag?post=4190"}],"curies":[{"name":"wp","href":"https:\/\/api.w.org\/{rel}","templated":true}]}}