{"id":4193,"date":"2020-05-17T22:34:34","date_gmt":"2020-05-17T20:34:34","guid":{"rendered":"https:\/\/www.gourmetnoir.com\/product\/import-placeholder-for-p-tm5008\/"},"modified":"2025-02-07T21:53:30","modified_gmt":"2025-02-07T20:53:30","slug":"black-truffle-cheese","status":"publish","type":"product","link":"https:\/\/www.gourmetnoir.com\/es\/black-truffle-cheese\/","title":{"rendered":"QUESO CON TRUFA NEGRA"},"content":{"rendered":"<p>&nbsp;<\/p>\n<p class=\"MsoNormal\"><span lang=\"ES\">QUESO DE OVEJA CON TRUFA NEGRA:<\/span><\/p>\n<p>Queso de oveja con leche cruda, con dos meses de curaci\u00f3n y trufa negra (tuber melanospum).<\/p>\n<p>Variedad: Trufa Negra (Tuber Melanosporum )<br \/>\nIngredientes: Leche de oveja, trufa negra (tuber melanosporum), fermentos l\u00e1cticos, cuajo y sal.<br \/>\nPresentaci\u00f3n: Caja de queso entero<br \/>\nPeso neto: 550 o 1000 gr. aprox. seg\u00fan formato<span lang=\"ES\">\u00a0<\/span><\/p>\n<p class=\"MsoNormal\"><span lang=\"ES\">Nuestra tierra est\u00e1 llena de deliciosos quesos, esto se hace de forma tradicional con leche cruda, el per\u00edodo de maduraci\u00f3n o curado excede de 60 d\u00edas. Uno de los grandes sindicatos: un queso espectacular, con las mejores variedades de trufa \"Tuber melanosporum\" aperitivo ideal para disfrutar en ocasiones especiales y con un vaso de vino.<\/span><\/p>\n<p>COMPOSICI\u00d3N<br \/>\nValor energ\u00e9tico 419,70Kcal.\/1764,50 Kj.<br \/>\nProteinas 32,10 gr<br \/>\nHidratos de carbono 1,00 gr<br \/>\nLipidos 32 <span lang=\"ES\">gr<\/span><\/p>\n<p>REGISTRO SANITARIO 1504691\/TE\/CEE<\/p>\n<p>PRESENTACI\u00d3N Y ETIQUETADO<br \/>\nEnvasado al vac\u00edo<br \/>\nPeso neto: 550 o 1000 gr. aprox. seg\u00fan formato<br \/>\nCaja de 6 unidades, medidas: 390 x 270 x 110 mm<br \/>\nCodigo de barras EAN: 8437004810175<\/p>\n<p>CONSERVACI\u00d3N<br \/>\nCaducidad: 18 meses<br \/>\nConservar refrigerado<\/p>\n<p>USO<br \/>\nQueso semicurado exquisito ya que la trufa enriquece su sabor.<\/p>\n<p>&nbsp;<\/p>","protected":false},"excerpt":{"rendered":"<p>Origen: Espa\u00f1a<br \/>\nUnidades: 1<br \/>\nVenta m\u00ednima: Por unidades<\/p>","protected":false},"featured_media":4197,"comment_status":"open","ping_status":"closed","template":"","meta":{"site-sidebar-layout":"default","site-content-layout":"default","ast-site-content-layout":"","site-content-style":"default","site-sidebar-style":"default","ast-global-header-display":"","ast-banner-title-visibility":"","ast-main-header-display":"","ast-hfb-above-header-display":"","ast-hfb-below-header-display":"","ast-hfb-mobile-header-display":"","site-post-title":"","ast-breadcrumbs-content":"","ast-featured-img":"","footer-sml-layout":"","theme-transparent-header-meta":"disabled","adv-header-id-meta":"","stick-header-meta":"","header-above-stick-meta":"","header-main-stick-meta":"","header-below-stick-meta":"","astra-migrate-meta-layouts":"default","ast-page-background-enabled":"default","ast-page-background-meta":{"desktop":{"background-color":"","background-image":"","background-repeat":"repeat","background-position":"center center","background-size":"auto","background-attachment":"scroll","background-type":"","background-media":"","overlay-type":"","overlay-color":"","overlay-opacity":"","overlay-gradient":""},"tablet":{"background-color":"","background-image":"","background-repeat":"repeat","background-position":"center center","background-size":"auto","background-attachment":"scroll","background-type":"","background-media":"","overlay-type":"","overlay-color":"","overlay-opacity":"","overlay-gradient":""},"mobile":{"background-color":"","background-image":"","background-repeat":"repeat","background-position":"center center","background-size":"auto","background-attachment":"scroll","background-type":"","background-media":"","overlay-type":"","overlay-color":"","overlay-opacity":"","overlay-gradient":""}},"ast-content-background-meta":{"desktop":{"background-color":"var(--ast-global-color-5)","background-image":"","background-repeat":"repeat","background-position":"center center","background-size":"auto","background-attachment":"scroll","background-type":"","background-media":"","overlay-type":"","overlay-color":"","overlay-opacity":"","overlay-gradient":""},"tablet":{"background-color":"var(--ast-global-color-5)","background-image":"","background-repeat":"repeat","background-position":"center center","background-size":"auto","background-attachment":"scroll","background-type":"","background-media":"","overlay-type":"","overlay-color":"","overlay-opacity":"","overlay-gradient":""},"mobile":{"background-color":"var(--ast-global-color-5)","background-image":"","background-repeat":"repeat","background-position":"center center","background-size":"auto","background-attachment":"scroll","background-type":"","background-media":"","overlay-type":"","overlay-color":"","overlay-opacity":"","overlay-gradient":""}}},"product_brand":[],"product_cat":[92,90],"product_tag":[],"class_list":{"0":"post-4193","1":"product","2":"type-product","3":"status-publish","4":"has-post-thumbnail","6":"product_cat-cheese","7":"product_cat-tuber-melanosporum","8":"product_shipping_class-entrega-en-24-48-horas","9":"desktop-align-left","10":"tablet-align-left","11":"mobile-align-left","13":"first","14":"instock","15":"taxable","16":"shipping-taxable","17":"purchasable","18":"product-type-variable"},"_links":{"self":[{"href":"https:\/\/www.gourmetnoir.com\/es\/wp-json\/wp\/v2\/product\/4193","targetHints":{"allow":["GET"]}}],"collection":[{"href":"https:\/\/www.gourmetnoir.com\/es\/wp-json\/wp\/v2\/product"}],"about":[{"href":"https:\/\/www.gourmetnoir.com\/es\/wp-json\/wp\/v2\/types\/product"}],"replies":[{"embeddable":true,"href":"https:\/\/www.gourmetnoir.com\/es\/wp-json\/wp\/v2\/comments?post=4193"}],"wp:featuredmedia":[{"embeddable":true,"href":"https:\/\/www.gourmetnoir.com\/es\/wp-json\/wp\/v2\/media\/4197"}],"wp:attachment":[{"href":"https:\/\/www.gourmetnoir.com\/es\/wp-json\/wp\/v2\/media?parent=4193"}],"wp:term":[{"taxonomy":"product_brand","embeddable":true,"href":"https:\/\/www.gourmetnoir.com\/es\/wp-json\/wp\/v2\/product_brand?post=4193"},{"taxonomy":"product_cat","embeddable":true,"href":"https:\/\/www.gourmetnoir.com\/es\/wp-json\/wp\/v2\/product_cat?post=4193"},{"taxonomy":"product_tag","embeddable":true,"href":"https:\/\/www.gourmetnoir.com\/es\/wp-json\/wp\/v2\/product_tag?post=4193"}],"curies":[{"name":"wp","href":"https:\/\/api.w.org\/{rel}","templated":true}]}}