{"id":4203,"date":"2020-05-17T22:39:27","date_gmt":"2020-05-17T20:39:27","guid":{"rendered":"https:\/\/www.gourmetnoir.com\/product\/import-placeholder-for-tyd-ta2007\/"},"modified":"2025-02-06T07:48:15","modified_gmt":"2025-02-06T06:48:15","slug":"summer-truffle-juice","status":"publish","type":"product","link":"https:\/\/www.gourmetnoir.com\/es\/summer-truffle-juice\/","title":{"rendered":"JUGO DE TRUFA DE VERANO 160\/350 ml"},"content":{"rendered":"<p>&nbsp;<\/p>\n<p>Variedad: Tuber Aestivum<br \/>\nIngredientes: jugo de primera cocci\u00f3n: agua y sal<br \/>\nPresentaci\u00f3n: tarro restauraci\u00f3n<br \/>\nPeso neto: 444 \/ 972 gr<\/p>\n<p>La esencia de la Trufa: caldo de primera cocci\u00f3n, sin ning\u00fan otro ingrediente, con el fin de ofrecerle un producto de la m\u00e1s alta calidad. Solo una recomendaci\u00f3n; a\u00f1adir a sus elaboraciones (cremas, caldos, fondos,..) a \u00faltima hora para que esta esencia no evapore.<\/p>\n<p>COMPOSICI\u00d3N<br \/>\nValor energ\u00e9rtico 19,19 Kcal.<br \/>\nProteinas: 1,97<br \/>\nHidratos de carbono: 2,03 gr<br \/>\nFibra: 0<br \/>\nLipidos: 0,36<br \/>\nGrasas: 0,36<\/p>\n<p>REGISTRO SANITARIO 21.20572\/TE\/CEE<br \/>\nSin conservantes ni colorantes.<\/p>\n<p>PRESENTACI\u00d3N Y ETIQUETADO<br \/>\nLa etiqueta cumple la normativa especificando la variedad de trufa que lleva en su interior y con c\u00f3digo de barras: EAN 8437004810038<\/p>\n<p>CONSERVACI\u00d3N<br \/>\nCaducidad: 5 a\u00f1os<br \/>\nConservar en sitio fresco y seco. Una vez abierto conservar refrigerado.<\/p>\n<p>USO<br \/>\nEl jugo de trufa se utiliza para guisar y realzar salsas, consom\u00e9 etc., ya que este producto contiene toda la esencia de la trufa, su propio jugo.<\/p>\n<p>&nbsp;<\/p>","protected":false},"excerpt":{"rendered":"<p>Origen: Espa\u00f1a<br \/>\nPeso aprox.: 444 \/ 972 gr<br \/>\nUnidades: 1<br \/>\nVenta m\u00ednima: Por unidades<\/p>","protected":false},"featured_media":4208,"comment_status":"open","ping_status":"closed","template":"","meta":{"site-sidebar-layout":"default","site-content-layout":"default","ast-site-content-layout":"","site-content-style":"default","site-sidebar-style":"default","ast-global-header-display":"","ast-banner-title-visibility":"","ast-main-header-display":"","ast-hfb-above-header-display":"","ast-hfb-below-header-display":"","ast-hfb-mobile-header-display":"","site-post-title":"","ast-breadcrumbs-content":"","ast-featured-img":"","footer-sml-layout":"","theme-transparent-header-meta":"disabled","adv-header-id-meta":"","stick-header-meta":"","header-above-stick-meta":"","header-main-stick-meta":"","header-below-stick-meta":"","astra-migrate-meta-layouts":"default","ast-page-background-enabled":"default","ast-page-background-meta":{"desktop":{"background-color":"","background-image":"","background-repeat":"repeat","background-position":"center center","background-size":"auto","background-attachment":"scroll","background-type":"","background-media":"","overlay-type":"","overlay-color":"","overlay-opacity":"","overlay-gradient":""},"tablet":{"background-color":"","background-image":"","background-repeat":"repeat","background-position":"center center","background-size":"auto","background-attachment":"scroll","background-type":"","background-media":"","overlay-type":"","overlay-color":"","overlay-opacity":"","overlay-gradient":""},"mobile":{"background-color":"","background-image":"","background-repeat":"repeat","background-position":"center center","background-size":"auto","background-attachment":"scroll","background-type":"","background-media":"","overlay-type":"","overlay-color":"","overlay-opacity":"","overlay-gradient":""}},"ast-content-background-meta":{"desktop":{"background-color":"var(--ast-global-color-5)","background-image":"","background-repeat":"repeat","background-position":"center center","background-size":"auto","background-attachment":"scroll","background-type":"","background-media":"","overlay-type":"","overlay-color":"","overlay-opacity":"","overlay-gradient":""},"tablet":{"background-color":"var(--ast-global-color-5)","background-image":"","background-repeat":"repeat","background-position":"center center","background-size":"auto","background-attachment":"scroll","background-type":"","background-media":"","overlay-type":"","overlay-color":"","overlay-opacity":"","overlay-gradient":""},"mobile":{"background-color":"var(--ast-global-color-5)","background-image":"","background-repeat":"repeat","background-position":"center center","background-size":"auto","background-attachment":"scroll","background-type":"","background-media":"","overlay-type":"","overlay-color":"","overlay-opacity":"","overlay-gradient":""}}},"product_brand":[],"product_cat":[91],"product_tag":[],"class_list":{"0":"post-4203","1":"product","2":"type-product","3":"status-publish","4":"has-post-thumbnail","6":"product_cat-tuber-aestivum","7":"product_shipping_class-entrega-en-24-48-horas","8":"desktop-align-left","9":"tablet-align-left","10":"mobile-align-left","12":"first","13":"instock","14":"taxable","15":"shipping-taxable","16":"purchasable","17":"product-type-variable"},"_links":{"self":[{"href":"https:\/\/www.gourmetnoir.com\/es\/wp-json\/wp\/v2\/product\/4203","targetHints":{"allow":["GET"]}}],"collection":[{"href":"https:\/\/www.gourmetnoir.com\/es\/wp-json\/wp\/v2\/product"}],"about":[{"href":"https:\/\/www.gourmetnoir.com\/es\/wp-json\/wp\/v2\/types\/product"}],"replies":[{"embeddable":true,"href":"https:\/\/www.gourmetnoir.com\/es\/wp-json\/wp\/v2\/comments?post=4203"}],"wp:featuredmedia":[{"embeddable":true,"href":"https:\/\/www.gourmetnoir.com\/es\/wp-json\/wp\/v2\/media\/4208"}],"wp:attachment":[{"href":"https:\/\/www.gourmetnoir.com\/es\/wp-json\/wp\/v2\/media?parent=4203"}],"wp:term":[{"taxonomy":"product_brand","embeddable":true,"href":"https:\/\/www.gourmetnoir.com\/es\/wp-json\/wp\/v2\/product_brand?post=4203"},{"taxonomy":"product_cat","embeddable":true,"href":"https:\/\/www.gourmetnoir.com\/es\/wp-json\/wp\/v2\/product_cat?post=4203"},{"taxonomy":"product_tag","embeddable":true,"href":"https:\/\/www.gourmetnoir.com\/es\/wp-json\/wp\/v2\/product_tag?post=4203"}],"curies":[{"name":"wp","href":"https:\/\/api.w.org\/{rel}","templated":true}]}}